{"id":9,"date":"2025-10-22T10:27:23","date_gmt":"2025-10-22T08:27:23","guid":{"rendered":"http:\/\/localhost:8881\/?page_id=9"},"modified":"2026-04-11T18:07:45","modified_gmt":"2026-04-11T16:07:45","slug":"accueil","status":"publish","type":"page","link":"https:\/\/www.nbjstours.fr\/","title":{"rendered":"Accueil"},"content":{"rendered":"\n<div class=\"wp-block-cover alignfull is-light\" style=\"min-height:622px;aspect-ratio:unset;\"><span aria-hidden=\"true\" class=\"wp-block-cover__background has-background-dim-100 has-background-dim has-background-gradient\" style=\"background:linear-gradient(35deg,rgb(6,0,151) 0%,rgb(130,4,255) 73%,rgb(193,15,255) 100%)\"><\/span><div class=\"wp-block-cover__inner-container is-layout-flow wp-block-cover-is-layout-flow\">\n<div class=\"inherit-container-width wp-block-group alignwide is-layout-constrained wp-block-group-is-layout-constrained\">\n<div class=\"wp-block-media-text alignwide has-media-on-the-right is-stacked-on-mobile is-vertically-aligned-center\" style=\"grid-template-columns:auto 24%\"><div class=\"wp-block-media-text__content\">\n<p><\/p>\n\n\n\n<h1 class=\"wp-block-heading has-text-align-left has-white-color has-text-color\">Nihon Bu jutsu Ryu<\/h1>\n\n\n\n<p class=\"has-white-color has-text-color\">Nous sommes une \u00e9cole d&rsquo;<strong><u>arts martiaux traditionnels japonnais<\/u><\/strong>, int\u00e9grant le pr\u00e9cepte <strong><u>SHIN-GI-TAI <\/u><\/strong>(unit\u00e9 du mental, de la technique, et du physique).&nbsp; L&rsquo;enseignement comprend le <strong>combat \u00e0 mains nues<\/strong> (boxes de pieds et poings, projections, clefs, contr\u00f4les) ainsi que l\u2019\u00e9tude du <strong>maniement d&rsquo;armes<\/strong> de base du KOBU-JUTSU : b\u00e2ton long (BO), b\u00e2ton court (TAMBO), sabre de bois (BOKEN), couteau (TANTO) et sabre (KEN) et du KOBUDO (TONFA ; SAI, NUNCHAKU\u2026) Les d\u00e9fenses \u00e0 mains nues contre un opposant utilisant ces armes ou les d\u00e9fenses avec une arme de base contre un opposant d\u00e9tenant une arme similaire.<\/p>\n\n\n\n<div class=\"wp-block-buttons is-layout-flex wp-block-buttons-is-layout-flex\">\n<div class=\"wp-block-button\"><a class=\"wp-block-button__link wp-element-button\" href=\"https:\/\/www.nbjstours.fr\/?page_id=70\">Plus d&rsquo;infos !<\/a><\/div>\n<\/div>\n<\/div><figure class=\"wp-block-media-text__media\"><img loading=\"lazy\" decoding=\"async\" width=\"1024\" height=\"1024\" src=\"http:\/\/localhost:8881\/wp-content\/uploads\/2026\/01\/logo_commun_detoure.png\" alt=\"\" class=\"wp-image-132 size-full\" srcset=\"https:\/\/www.nbjstours.fr\/wp-content\/uploads\/2026\/01\/logo_commun_detoure.png 1024w, https:\/\/www.nbjstours.fr\/wp-content\/uploads\/2026\/01\/logo_commun_detoure-300x300.png 300w, https:\/\/www.nbjstours.fr\/wp-content\/uploads\/2026\/01\/logo_commun_detoure-150x150.png 150w, https:\/\/www.nbjstours.fr\/wp-content\/uploads\/2026\/01\/logo_commun_detoure-768x768.png 768w\" sizes=\"auto, (max-width: 1024px) 100vw, 1024px\" \/><\/figure><\/div>\n<\/div>\n<\/div><\/div>\n\n\n\n<div class=\"wp-block-group alignfull has-ast-global-color-5-background-color has-background is-layout-constrained wp-block-group-is-layout-constrained\" id=\"about\" style=\"padding-top:143px;padding-bottom:144px\">\n<div class=\"wp-block-media-text has-media-on-the-right is-stacked-on-mobile is-vertically-aligned-center\"><div class=\"wp-block-media-text__content\">\n<div class=\"inherit-container-width wp-block-group is-layout-constrained wp-container-core-group-is-layout-47ce07ec wp-block-group-is-layout-constrained\" style=\"padding-right:80px\">\n<h2 class=\"wp-block-heading\" style=\"padding-right:40px\">Maitre Phillippe Renault <\/h2>\n\n\n\n<p>(situ\u00e9 au milieu sur la photo)<\/p>\n\n\n\n<p>Dipl\u00f4m\u00e9 d&rsquo;Etat 2\u00e8me degr\u00e9, 9\u00e8me DAN de KARATE (FFKDA), 9\u00e8me DAN de NIHON JU JUTSU (EJJU \u2013 IJJF \u2013 SEIBUKAN &#8211; IMAF), 7\u00e8me Degr\u00e9 KOBU-JUTSU (Expert Karat\u00e9 Jutsu de la F\u00e9d\u00e9ration fran\u00e7aise de Karat\u00e9.) \u2013 a su orienter et pr\u00e9senter dans une m\u00e9thode unifi\u00e9e et logique l&rsquo;ensemble des divers enseignements qu&rsquo;il a re\u00e7us.<\/p>\n\n\n\n<p>Son travail gigantesque de reformulation et de r\u00e9daction offre \u00e0 ses assistants et ses \u00e9l\u00e8ves une r\u00e9f\u00e9rence pour un enseignement o\u00f9 la p\u00e9dagogie, le lien avec la r\u00e9alit\u00e9 et les r\u00e9f\u00e9rences culturelles en font un cursus de niveau universitaire de type \u00ab classique occidental \u00bb.<\/p>\n\n\n\n<p><\/p>\n<\/div>\n\n\n\n<div class=\"wp-block-buttons is-layout-flex wp-block-buttons-is-layout-flex\">\n<div class=\"wp-block-button\"><a class=\"wp-block-button__link wp-element-button\" href=\"https:\/\/www.nbjstours.fr\/?page_id=58\">Nos professeurs<\/a><\/div>\n\n\n\n<div class=\"wp-block-button\"><a class=\"wp-block-button__link wp-element-button\" href=\"https:\/\/nihon-bu-jutsu-ryu.fr\">Le Wadokan<\/a><\/div>\n<\/div>\n<\/div><figure class=\"wp-block-media-text__media\"><img loading=\"lazy\" decoding=\"async\" width=\"768\" height=\"1024\" src=\"http:\/\/localhost:8881\/wp-content\/uploads\/2025\/10\/maitres-1-768x1024.jpg\" alt=\"\" class=\"wp-image-41 size-full\" srcset=\"https:\/\/www.nbjstours.fr\/wp-content\/uploads\/2025\/10\/maitres-1-768x1024.jpg 768w, https:\/\/www.nbjstours.fr\/wp-content\/uploads\/2025\/10\/maitres-1-225x300.jpg 225w, https:\/\/www.nbjstours.fr\/wp-content\/uploads\/2025\/10\/maitres-1-1152x1536.jpg 1152w, https:\/\/www.nbjstours.fr\/wp-content\/uploads\/2025\/10\/maitres-1.jpg 1536w\" sizes=\"auto, (max-width: 768px) 100vw, 768px\" \/><\/figure><\/div>\n<\/div>\n\n\n\n\t\t\t<div class=\"wp-block-uagb-post-grid uagb-post-grid  uagb-post__image-position-top uagb-post__image-enabled uagb-block-d3206699     uagb-post__items uagb-post__columns-3 is-grid uagb-post__columns-tablet-2 uagb-post__columns-mobile-1 uagb-post__equal-height\" data-total=\"2\" style=\"\">\n\n\t\t\t\t\t\t\t\t\t\t\t\t<article class=\"uagb-post__inner-wrap\">\t\t\t\t\t\t\t\t<div class='uagb-post__image'>\n\t\t\t\t\t\t\t\t\t<a href=\"https:\/\/www.nbjstours.fr\/?p=282\" target=\"_self\" rel=\"bookmark noopener noreferrer\" class='uagb-image-ratio-inherit'><img loading=\"lazy\" decoding=\"async\" width=\"724\" height=\"1024\" src=\"https:\/\/www.nbjstours.fr\/wp-content\/uploads\/2026\/04\/japan-tours-2026-724x1024.png\" class=\"attachment-large size-large\" alt=\"\" srcset=\"https:\/\/www.nbjstours.fr\/wp-content\/uploads\/2026\/04\/japan-tours-2026-724x1024.png 724w, https:\/\/www.nbjstours.fr\/wp-content\/uploads\/2026\/04\/japan-tours-2026-212x300.png 212w, https:\/\/www.nbjstours.fr\/wp-content\/uploads\/2026\/04\/japan-tours-2026-768x1086.png 768w, https:\/\/www.nbjstours.fr\/wp-content\/uploads\/2026\/04\/japan-tours-2026-1086x1536.png 1086w, https:\/\/www.nbjstours.fr\/wp-content\/uploads\/2026\/04\/japan-tours-2026.png 1414w\" sizes=\"auto, (max-width: 724px) 100vw, 724px\" \/>\t\t\t\t\t<\/a>\n\t\t\t\t\t\t\t<\/div>\n\t\t\t\t\t\t<h4 class=\"uagb-post__title uagb-post__text\">\n\t\t\t\t<a href=\"https:\/\/www.nbjstours.fr\/?p=282\" target=\"_self\" rel=\"bookmark noopener noreferrer\">Japan Tours Festival 2026<\/a>\n\t\t\t<\/h4>\n\t\t\t\t\t\t<div class='uagb-post__text uagb-post-grid-byline'>\n\t\t\t\t\t\t\t\t<time datetime=\"2026-04-06T14:29:39+02:00\" class=\"uagb-post__date\">\n\t\t\t\t<span class=\"dashicons-calendar dashicons\"><\/span>\t\t\t\t\t6 avril 2026\t\t\t\t<\/time>\n\t\t\t\t\t\t<\/div>\n\t\t\t\t\t\t\t<div class='uagb-post__text uagb-post__excerpt'>\n\t\t\t\t\t<p>\u00c9v\u00e9nement \u00e0 venir \u2013 Japan tours Festival du 3 au 5 juillet Le club sera&#8230;\t\t\t\t<\/div>\n\t\t\t\t\t\t<div class=\"uagb-post__text uagb-post__cta wp-block-button\">\n\t\t\t\t<a class=\"wp-block-button__link uagb-text-link\" style=\"\" href=\"https:\/\/www.nbjstours.fr\/?p=282\" target=\"_self\" rel=\"bookmark noopener noreferrer\">Lire la suite<\/a>\n\t\t\t<\/div>\n\t\t\t\n\t\t\t\t\t\t\t\t\t<\/article>\n\t\t\t\t\t\t\t\t\t\t\t\t\t\t\t\t<article class=\"uagb-post__inner-wrap\">\t\t\t\t\t\t\t\t<div class='uagb-post__image'>\n\t\t\t\t\t\t\t\t\t<a href=\"https:\/\/www.nbjstours.fr\/?p=242\" target=\"_self\" rel=\"bookmark noopener noreferrer\" class='uagb-image-ratio-inherit'><img loading=\"lazy\" decoding=\"async\" width=\"724\" height=\"1024\" src=\"https:\/\/www.nbjstours.fr\/wp-content\/uploads\/2026\/04\/NBJR-JNPS-724x1024.png\" class=\"attachment-large size-large\" alt=\"\" srcset=\"https:\/\/www.nbjstours.fr\/wp-content\/uploads\/2026\/04\/NBJR-JNPS-724x1024.png 724w, https:\/\/www.nbjstours.fr\/wp-content\/uploads\/2026\/04\/NBJR-JNPS-212x300.png 212w, https:\/\/www.nbjstours.fr\/wp-content\/uploads\/2026\/04\/NBJR-JNPS-768x1086.png 768w, https:\/\/www.nbjstours.fr\/wp-content\/uploads\/2026\/04\/NBJR-JNPS-1086x1536.png 1086w, https:\/\/www.nbjstours.fr\/wp-content\/uploads\/2026\/04\/NBJR-JNPS.png 1414w\" sizes=\"auto, (max-width: 724px) 100vw, 724px\" \/>\t\t\t\t\t<\/a>\n\t\t\t\t\t\t\t<\/div>\n\t\t\t\t\t\t<h4 class=\"uagb-post__title uagb-post__text\">\n\t\t\t\t<a href=\"https:\/\/www.nbjstours.fr\/?p=242\" target=\"_self\" rel=\"bookmark noopener noreferrer\">Journ\u00e9e Nationale Pr\u00e9vention Suicide<\/a>\n\t\t\t<\/h4>\n\t\t\t\t\t\t<div class='uagb-post__text uagb-post-grid-byline'>\n\t\t\t\t\t\t\t\t<time datetime=\"2026-02-04T13:29:00+01:00\" class=\"uagb-post__date\">\n\t\t\t\t<span class=\"dashicons-calendar dashicons\"><\/span>\t\t\t\t\t4 f\u00e9vrier 2026\t\t\t\t<\/time>\n\t\t\t\t\t\t<\/div>\n\t\t\t\t\t\t\t<div class='uagb-post__text uagb-post__excerpt'>\n\t\t\t\t\t<p>\u00c9v\u00e9nement pass\u00e9 \u2013 Journ\u00e9e nationale Pr\u00e9vention Suicide le Mercredi 4 F\u00e9vrier A l&rsquo;occasion le JNPS,&#8230;\t\t\t\t<\/div>\n\t\t\t\t\t\t<div class=\"uagb-post__text uagb-post__cta wp-block-button\">\n\t\t\t\t<a class=\"wp-block-button__link uagb-text-link\" style=\"\" href=\"https:\/\/www.nbjstours.fr\/?p=242\" target=\"_self\" rel=\"bookmark noopener noreferrer\">Lire la suite<\/a>\n\t\t\t<\/div>\n\t\t\t\n\t\t\t\t\t\t\t\t\t<\/article>\n\t\t\t\t\t\t\t\t\t\t\t\t\t\t\t\t<article class=\"uagb-post__inner-wrap\">\t\t\t\t\t\t\t\t<div class='uagb-post__image'>\n\t\t\t\t\t\t\t\t\t<a href=\"https:\/\/www.nbjstours.fr\/?p=253\" target=\"_self\" rel=\"bookmark noopener noreferrer\" class='uagb-image-ratio-inherit'><img loading=\"lazy\" decoding=\"async\" width=\"724\" height=\"1024\" src=\"https:\/\/www.nbjstours.fr\/wp-content\/uploads\/2026\/04\/amene-ton-parent-pour-noel-724x1024.png\" class=\"attachment-large size-large\" alt=\"\" srcset=\"https:\/\/www.nbjstours.fr\/wp-content\/uploads\/2026\/04\/amene-ton-parent-pour-noel-724x1024.png 724w, https:\/\/www.nbjstours.fr\/wp-content\/uploads\/2026\/04\/amene-ton-parent-pour-noel-212x300.png 212w, https:\/\/www.nbjstours.fr\/wp-content\/uploads\/2026\/04\/amene-ton-parent-pour-noel-768x1086.png 768w, https:\/\/www.nbjstours.fr\/wp-content\/uploads\/2026\/04\/amene-ton-parent-pour-noel-1086x1536.png 1086w, https:\/\/www.nbjstours.fr\/wp-content\/uploads\/2026\/04\/amene-ton-parent-pour-noel.png 1414w\" sizes=\"auto, (max-width: 724px) 100vw, 724px\" \/>\t\t\t\t\t<\/a>\n\t\t\t\t\t\t\t<\/div>\n\t\t\t\t\t\t<h4 class=\"uagb-post__title uagb-post__text\">\n\t\t\t\t<a href=\"https:\/\/www.nbjstours.fr\/?p=253\" target=\"_self\" rel=\"bookmark noopener noreferrer\">Ram\u00e8ne ton parent pour no\u00ebl<\/a>\n\t\t\t<\/h4>\n\t\t\t\t\t\t<div class='uagb-post__text uagb-post-grid-byline'>\n\t\t\t\t\t\t\t\t<time datetime=\"2025-12-16T13:49:15+01:00\" class=\"uagb-post__date\">\n\t\t\t\t<span class=\"dashicons-calendar dashicons\"><\/span>\t\t\t\t\t16 d\u00e9cembre 2025\t\t\t\t<\/time>\n\t\t\t\t\t\t<\/div>\n\t\t\t\t\t\t\t<div class='uagb-post__text uagb-post__excerpt'>\n\t\t\t\t\t<p>\u00c9v\u00e9nement pass\u00e9 \u2013 Ram\u00e8ne ton parent le mardi 16 d\u00e9cembre L&rsquo;approche de no\u00ebl, il est&#8230;\t\t\t\t<\/div>\n\t\t\t\t\t\t<div class=\"uagb-post__text uagb-post__cta wp-block-button\">\n\t\t\t\t<a class=\"wp-block-button__link uagb-text-link\" style=\"\" href=\"https:\/\/www.nbjstours.fr\/?p=253\" target=\"_self\" rel=\"bookmark noopener noreferrer\">Lire la suite<\/a>\n\t\t\t<\/div>\n\t\t\t\n\t\t\t\t\t\t\t\t\t<\/article>\n\t\t\t\t\t\t\t\t\t\t\t<\/div>\n\t\t\t\n\n\n<p><br><\/p>\n\n\n\n<div class=\"wp-block-group alignfull has-ast-global-color-4-background-color has-background is-layout-constrained wp-container-core-group-is-layout-6a2cfb7b wp-block-group-is-layout-constrained\" id=\"reviews\">\n<figure class=\"wp-block-image aligncenter size-full is-resized\"><img loading=\"lazy\" decoding=\"async\" width=\"428\" height=\"429\" src=\"http:\/\/localhost:8881\/wp-content\/uploads\/2025\/10\/Hironori-Otsuka_recadree.png\" alt=\"\" class=\"wp-image-46\" style=\"width:110px;height:auto\" srcset=\"https:\/\/www.nbjstours.fr\/wp-content\/uploads\/2025\/10\/Hironori-Otsuka_recadree.png 428w, https:\/\/www.nbjstours.fr\/wp-content\/uploads\/2025\/10\/Hironori-Otsuka_recadree-300x300.png 300w, https:\/\/www.nbjstours.fr\/wp-content\/uploads\/2025\/10\/Hironori-Otsuka_recadree-150x150.png 150w\" sizes=\"auto, (max-width: 428px) 100vw, 428px\" \/><\/figure>\n\n\n\n<p class=\"has-text-align-center\" style=\"font-size:22px;line-height:1.6\">\u201c<em>L&rsquo;action violente peut \u00eatre comprise comme la voie des arts martiaux, mais la v\u00e9ritable signification des arts martiaux est de chercher et d&rsquo;atteindre la voie de la paix et de l&rsquo;harmonie. <\/em>\u201d<\/p>\n\n\n\n<p class=\"has-text-align-center\"><strong>Hironori \u014ctsuka<\/strong><\/p>\n<\/div>\n","protected":false},"excerpt":{"rendered":"<p>Maitre Phillippe Renault (situ\u00e9 au milieu sur la photo) Dipl\u00f4m\u00e9 d&rsquo;Etat 2\u00e8me degr\u00e9, 9\u00e8me DAN de KARATE (FFKDA), 9\u00e8me DAN [&hellip;]<\/p>\n","protected":false},"author":1,"featured_media":0,"parent":0,"menu_order":0,"comment_status":"closed","ping_status":"closed","template":"","meta":{"_uag_custom_page_level_css":"","site-sidebar-layout":"no-sidebar","site-content-layout":"plain-container","ast-site-content-layout":"default","site-content-style":"default","site-sidebar-style":"default","ast-global-header-display":"","ast-banner-title-visibility":"","ast-main-header-display":"","ast-hfb-above-header-display":"","ast-hfb-below-header-display":"","ast-hfb-mobile-header-display":"","site-post-title":"disabled","ast-breadcrumbs-content":"","ast-featured-img":"","footer-sml-layout":"","ast-disable-related-posts":"","theme-transparent-header-meta":"enabled","adv-header-id-meta":"","stick-header-meta":"","header-above-stick-meta":"","header-main-stick-meta":"","header-below-stick-meta":"","astra-migrate-meta-layouts":"default","ast-page-background-enabled":"default","ast-page-background-meta":{"desktop":{"background-color":"var(--ast-global-color-5)","background-image":"","background-repeat":"repeat","background-position":"center center","background-size":"auto","background-attachment":"scroll","background-type":"","background-media":"","overlay-type":"","overlay-color":"","overlay-opacity":"","overlay-gradient":""},"tablet":{"background-color":"","background-image":"","background-repeat":"repeat","background-position":"center center","background-size":"auto","background-attachment":"scroll","background-type":"","background-media":"","overlay-type":"","overlay-color":"","overlay-opacity":"","overlay-gradient":""},"mobile":{"background-color":"","background-image":"","background-repeat":"repeat","background-position":"center center","background-size":"auto","background-attachment":"scroll","background-type":"","background-media":"","overlay-type":"","overlay-color":"","overlay-opacity":"","overlay-gradient":""}},"ast-content-background-meta":{"desktop":{"background-color":"var(--ast-global-color-4)","background-image":"","background-repeat":"repeat","background-position":"center center","background-size":"auto","background-attachment":"scroll","background-type":"","background-media":"","overlay-type":"","overlay-color":"","overlay-opacity":"","overlay-gradient":""},"tablet":{"background-color":"var(--ast-global-color-4)","background-image":"","background-repeat":"repeat","background-position":"center center","background-size":"auto","background-attachment":"scroll","background-type":"","background-media":"","overlay-type":"","overlay-color":"","overlay-opacity":"","overlay-gradient":""},"mobile":{"background-color":"var(--ast-global-color-4)","background-image":"","background-repeat":"repeat","background-position":"center center","background-size":"auto","background-attachment":"scroll","background-type":"","background-media":"","overlay-type":"","overlay-color":"","overlay-opacity":"","overlay-gradient":""}},"footnotes":""},"class_list":["post-9","page","type-page","status-publish","hentry"],"uagb_featured_image_src":{"full":false,"thumbnail":false,"medium":false,"medium_large":false,"large":false,"1536x1536":false,"2048x2048":false},"uagb_author_info":{"display_name":"admin","author_link":"https:\/\/www.nbjstours.fr\/?author=1"},"uagb_comment_info":0,"uagb_excerpt":"Maitre Phillippe Renault (situ\u00e9 au milieu sur la photo) Dipl\u00f4m\u00e9 d&rsquo;Etat 2\u00e8me degr\u00e9, 9\u00e8me DAN de KARATE (FFKDA), 9\u00e8me DAN [&hellip;]","_links":{"self":[{"href":"https:\/\/www.nbjstours.fr\/index.php?rest_route=\/wp\/v2\/pages\/9","targetHints":{"allow":["GET"]}}],"collection":[{"href":"https:\/\/www.nbjstours.fr\/index.php?rest_route=\/wp\/v2\/pages"}],"about":[{"href":"https:\/\/www.nbjstours.fr\/index.php?rest_route=\/wp\/v2\/types\/page"}],"author":[{"embeddable":true,"href":"https:\/\/www.nbjstours.fr\/index.php?rest_route=\/wp\/v2\/users\/1"}],"replies":[{"embeddable":true,"href":"https:\/\/www.nbjstours.fr\/index.php?rest_route=%2Fwp%2Fv2%2Fcomments&post=9"}],"version-history":[{"count":24,"href":"https:\/\/www.nbjstours.fr\/index.php?rest_route=\/wp\/v2\/pages\/9\/revisions"}],"predecessor-version":[{"id":309,"href":"https:\/\/www.nbjstours.fr\/index.php?rest_route=\/wp\/v2\/pages\/9\/revisions\/309"}],"wp:attachment":[{"href":"https:\/\/www.nbjstours.fr\/index.php?rest_route=%2Fwp%2Fv2%2Fmedia&parent=9"}],"curies":[{"name":"wp","href":"https:\/\/api.w.org\/{rel}","templated":true}]}}