{"id":79,"date":"2025-10-23T11:05:34","date_gmt":"2025-10-23T09:05:34","guid":{"rendered":"http:\/\/localhost:8881\/?page_id=79"},"modified":"2026-04-11T16:55:07","modified_gmt":"2026-04-11T14:55:07","slug":"horaire","status":"publish","type":"page","link":"https:\/\/www.nbjstours.fr\/?page_id=79","title":{"rendered":"Horaires"},"content":{"rendered":"\n<p><\/p>\n\n\n\n<h2 class=\"wp-block-heading\"><br>Horaires Saison 2025-2026<\/h2>\n\n\n\n<p><\/p>\n\n\n\n<h3 class=\"wp-block-heading\">Salle Cinq-Mars-La-Pile<\/h3>\n\n\n\n<p>Horaires :<\/p>\n\n\n\n<figure class=\"wp-block-table is-style-stripes\"><table class=\"has-fixed-layout\" style=\"border-width:3px\"><tbody><tr><td>Baby Karat\u00e9 (5 ans r\u00e9volus)<\/td><td>Dimanche de 11h15 \u00e0 12h<\/td><\/tr><tr><td>Karat\u00e9 Enfants &#8211; Ado (7 &#8211; 16 ans)<\/td><td>Vendredi de 19h15 \u00e0 20h15<br>Dimanche de 10h15 \u00e0 12h<\/td><\/tr><tr><td>Karat\u00e9 Adultes (+ 16 ans)<\/td><td>Mercredi de 19h45 \u00e0 22h<br>Vendredi de 20h15 \u00e0 22h<br>Dimanche de 8h45 \u00e0 10h15<\/td><\/tr><\/tbody><\/table><\/figure>\n\n\n\t\t\t<div \n\t\t\tclass=\"wp-block-uagb-google-map uagb-google-map__wrap uagb-block-c32c2d2e     \"\n\t\t\tstyle=\"\" >\n\t\t\t\t<embed\n\t\t\t\t\tclass=\"uagb-google-map__iframe\"\n\t\t\t\t\ttitle=\"Carte Google pour \"\n\t\t\t\t\tsrc=\"https:\/\/maps.google.com\/maps?q=Maison%20des%20associations%20-%209%20Pl.%20de%20la%20Mairie%2C%2037130%20Cinq-Mars-la-Pile&#038;z=15&#038;hl=en&#038;t=m&#038;output=embed&#038;iwloc=near\"\n\t\t\t\t\twidth=\"640\"\n\t\t\t\t\theight=\"300\"\n\t\t\t\t\tloading=\"lazy\"\n\t\t\t\t><\/embed>\n\t\t\t<\/div>\n\t\t\t\n\n\n<hr class=\"wp-block-separator has-alpha-channel-opacity is-style-default\"\/>\n\n\n\n<p><\/p>\n\n\n\n<h3 class=\"wp-block-heading\">Salle Ambillou<\/h3>\n\n\n\n<p>Horaires :<\/p>\n\n\n\n<figure class=\"wp-block-table is-style-stripes\"><table class=\"has-fixed-layout\" style=\"border-width:3px\"><tbody><tr><td>Baby Karat\u00e9 (5 ans r\u00e9volus)<\/td><td>Mardi de 18h30 \u00e0 19h30<\/td><\/tr><tr><td>Karat\u00e9 Enfants &#8211; Ado (7 &#8211; 16 ans)<\/td><td>Mardi de 19h30 \u00e0 20h30<br>Jeudi de 18h30 \u00e0 19h30<\/td><\/tr><tr><td>Karat\u00e9 Adultes (+ 16 ans)<\/td><td>Mardi de 20h30 \u00e0 22h<br>Jeudi de 19h30 \u00e0 22h<\/td><\/tr><\/tbody><\/table><\/figure>\n\n\n\t\t\t<div \n\t\t\tclass=\"wp-block-uagb-google-map uagb-google-map__wrap uagb-block-8f91d579     \"\n\t\t\tstyle=\"\" >\n\t\t\t\t<embed\n\t\t\t\t\tclass=\"uagb-google-map__iframe\"\n\t\t\t\t\ttitle=\"Carte Google pour \"\n\t\t\t\t\tsrc=\"https:\/\/maps.google.com\/maps?q=11%20Rue%20Fleurie%2C%2037340%20Ambillou&#038;z=15&#038;hl=en&#038;t=m&#038;output=embed&#038;iwloc=near\"\n\t\t\t\t\twidth=\"640\"\n\t\t\t\t\theight=\"300\"\n\t\t\t\t\tloading=\"lazy\"\n\t\t\t\t><\/embed>\n\t\t\t<\/div>\n\t\t\t","protected":false},"excerpt":{"rendered":"<p>Horaires Saison 2025-2026 Salle Cinq-Mars-La-Pile Horaires : Baby Karat\u00e9 (5 ans r\u00e9volus) Dimanche de 11h15 \u00e0 12h Karat\u00e9 Enfants &#8211; [&hellip;]<\/p>\n","protected":false},"author":1,"featured_media":0,"parent":0,"menu_order":0,"comment_status":"closed","ping_status":"closed","template":"","meta":{"_uag_custom_page_level_css":"","site-sidebar-layout":"default","site-content-layout":"","ast-site-content-layout":"default","site-content-style":"default","site-sidebar-style":"default","ast-global-header-display":"","ast-banner-title-visibility":"","ast-main-header-display":"","ast-hfb-above-header-display":"","ast-hfb-below-header-display":"","ast-hfb-mobile-header-display":"","site-post-title":"disabled","ast-breadcrumbs-content":"","ast-featured-img":"","footer-sml-layout":"","ast-disable-related-posts":"","theme-transparent-header-meta":"","adv-header-id-meta":"","stick-header-meta":"","header-above-stick-meta":"","header-main-stick-meta":"","header-below-stick-meta":"","astra-migrate-meta-layouts":"default","ast-page-background-enabled":"default","ast-page-background-meta":{"desktop":{"background-color":"var(--ast-global-color-5)","background-image":"","background-repeat":"repeat","background-position":"center center","background-size":"auto","background-attachment":"scroll","background-type":"","background-media":"","overlay-type":"","overlay-color":"","overlay-opacity":"","overlay-gradient":""},"tablet":{"background-color":"","background-image":"","background-repeat":"repeat","background-position":"center center","background-size":"auto","background-attachment":"scroll","background-type":"","background-media":"","overlay-type":"","overlay-color":"","overlay-opacity":"","overlay-gradient":""},"mobile":{"background-color":"","background-image":"","background-repeat":"repeat","background-position":"center center","background-size":"auto","background-attachment":"scroll","background-type":"","background-media":"","overlay-type":"","overlay-color":"","overlay-opacity":"","overlay-gradient":""}},"ast-content-background-meta":{"desktop":{"background-color":"var(--ast-global-color-4)","background-image":"","background-repeat":"repeat","background-position":"center center","background-size":"auto","background-attachment":"scroll","background-type":"","background-media":"","overlay-type":"","overlay-color":"","overlay-opacity":"","overlay-gradient":""},"tablet":{"background-color":"var(--ast-global-color-4)","background-image":"","background-repeat":"repeat","background-position":"center center","background-size":"auto","background-attachment":"scroll","background-type":"","background-media":"","overlay-type":"","overlay-color":"","overlay-opacity":"","overlay-gradient":""},"mobile":{"background-color":"var(--ast-global-color-4)","background-image":"","background-repeat":"repeat","background-position":"center center","background-size":"auto","background-attachment":"scroll","background-type":"","background-media":"","overlay-type":"","overlay-color":"","overlay-opacity":"","overlay-gradient":""}},"footnotes":""},"class_list":["post-79","page","type-page","status-publish","hentry"],"uagb_featured_image_src":{"full":false,"thumbnail":false,"medium":false,"medium_large":false,"large":false,"1536x1536":false,"2048x2048":false},"uagb_author_info":{"display_name":"admin","author_link":"https:\/\/www.nbjstours.fr\/?author=1"},"uagb_comment_info":0,"uagb_excerpt":"Horaires Saison 2025-2026 Salle Cinq-Mars-La-Pile Horaires : Baby Karat\u00e9 (5 ans r\u00e9volus) Dimanche de 11h15 \u00e0 12h Karat\u00e9 Enfants &#8211; [&hellip;]","_links":{"self":[{"href":"https:\/\/www.nbjstours.fr\/index.php?rest_route=\/wp\/v2\/pages\/79","targetHints":{"allow":["GET"]}}],"collection":[{"href":"https:\/\/www.nbjstours.fr\/index.php?rest_route=\/wp\/v2\/pages"}],"about":[{"href":"https:\/\/www.nbjstours.fr\/index.php?rest_route=\/wp\/v2\/types\/page"}],"author":[{"embeddable":true,"href":"https:\/\/www.nbjstours.fr\/index.php?rest_route=\/wp\/v2\/users\/1"}],"replies":[{"embeddable":true,"href":"https:\/\/www.nbjstours.fr\/index.php?rest_route=%2Fwp%2Fv2%2Fcomments&post=79"}],"version-history":[{"count":12,"href":"https:\/\/www.nbjstours.fr\/index.php?rest_route=\/wp\/v2\/pages\/79\/revisions"}],"predecessor-version":[{"id":289,"href":"https:\/\/www.nbjstours.fr\/index.php?rest_route=\/wp\/v2\/pages\/79\/revisions\/289"}],"wp:attachment":[{"href":"https:\/\/www.nbjstours.fr\/index.php?rest_route=%2Fwp%2Fv2%2Fmedia&parent=79"}],"curies":[{"name":"wp","href":"https:\/\/api.w.org\/{rel}","templated":true}]}}