{"id":70,"date":"2025-10-23T10:39:47","date_gmt":"2025-10-23T08:39:47","guid":{"rendered":"http:\/\/localhost:8881\/?page_id=70"},"modified":"2025-10-23T10:46:54","modified_gmt":"2025-10-23T08:46:54","slug":"nihon-bu-jutsu-ryu","status":"publish","type":"page","link":"https:\/\/www.nbjstours.fr\/?page_id=70","title":{"rendered":"A propos"},"content":{"rendered":"\n<h2 class=\"wp-block-heading has-text-align-center\">NIHON BU-JUTSU RYU<\/h2>\n\n\n\n<p>La NIHON BU JUTSU RYU est un syndicat d&rsquo;enseignants d\u2019arts martiaux japonais. Elle se r\u00e9clame en partie du WADO RYU \u00ab ancien \u00bb qu&rsquo;enseignait Ma\u00eetre HIRONORI OHTSUKA (MEIJIN \u2013 10\u00e8me DAN) qui avait int\u00e9gr\u00e9 ses techniques d&rsquo;ATE WAZA \u00e0 sa ma\u00eetrise du JU-JUTSU. L&rsquo;enseignement comprend le combat \u00e0 mains nues (boxes de pieds et poings, projections, clefs, contr\u00f4les) ainsi que l\u2019\u00e9tude du maniement d&rsquo;armes de base du KOBU-JUTSU : b\u00e2ton long (BO), b\u00e2ton court (TAMBO), sabre de bois (BOKEN), couteau (TANTO) et sabre (KEN) et du KOBUDO (TONFA, SAI, NUNCHAKU\u2026) et les d\u00e9fenses \u00e0 mains nues contre un opposant utilisant ces armes ou les d\u00e9fenses avec une arme de base contre un opposant d\u00e9tenant une arme similaire.<\/p>\n\n\n\n<p>Elle trouve aussi ses origines dans le YOSEIKAN cr\u00e9e par&nbsp; Ma\u00eetre MINORU MOCHIZUKI, artisan de la synth\u00e8se du JU JUTSU et AIKIDO japonais et des anciennes techniques de KOBU-JUTSU, Ma\u00eetre TERUO SANO avec les KOBUDO et Ma\u00eetre MOTOBU CHOKI le KARATE JUTSU (furent les principaux co-auteurs de ce travail de recomposition. Au cours des ann\u00e9es d\u2019autres sources sont venues alimenter les r\u00e9flexions et les \u00e9volutions d\u00e9velopp\u00e9es par M\u00b0 Renault.<\/p>\n\n\n\n<p>Ma\u00eetre Philippe RENAULT , Dipl\u00f4m\u00e9 d&rsquo;Etat 2\u00e8me degr\u00e9, 9\u00e8me DAN de KARATE (FFKDA), 9\u00e8me DAN de NIHON JU JUTSU (EJJU \u2013 IJJF \u2013 SEIBUKAN &#8211; IMAF), 7\u00e8me Degr\u00e9 KOBU-JUTSU (FEKAMT) \u2013 a su orienter et pr\u00e9senter dans une m\u00e9thode unifi\u00e9e et logique l&rsquo;ensemble des divers enseignements qu&rsquo;il a re\u00e7us. Son travail gigantesque de reformulation et de r\u00e9daction offre \u00e0 ses assistants et ses \u00e9l\u00e8ves une r\u00e9f\u00e9rence pour un enseignement o\u00f9 la p\u00e9dagogie, le lien avec la r\u00e9alit\u00e9 et les r\u00e9f\u00e9rences culturelles en font un cursus de niveau universitaire de type \u00ab classique occidental \u00bb.<\/p>\n\n\n\n<p>Sp\u00e9cifiquement, le BU JUTSU est en l&rsquo;amont des sports de combats japonais d&rsquo;aujourd&rsquo;hui qui lui ont emprunt\u00e9 nombreuses techniques (JUTSU). Il \u00e9tait r\u00e9serv\u00e9 aux repr\u00e9sentants des pouvoirs politiques, aux castes de nobles et de militaires surtout dans le cadre de l&rsquo;usage des armes nobles en m\u00e9tal et tranchantes (KEN, WAKIZASHI, NAGINATA, YARI, etc..). A contrario, les techniques Okinawa\u00efennes de combats \u00e0 mains nues et avec des armes \u00ab simples \u00bb d&rsquo;origine agraire avaient \u00e9t\u00e9 parfois les seuls moyens de survie des opprim\u00e9s dans un contexte d&rsquo;occupation, o\u00f9 le plus fort imposait sa propre loi. Aujourd&rsquo;hui, cette dualit\u00e9 entre art martial du noble et du pauvre, et si magistralement unifi\u00e9e par Ma\u00eetre OHTSUKA, a \u00e9t\u00e9 encore r\u00e9duite et adapt\u00e9e \u00e0 la soci\u00e9t\u00e9 qui nous environne par Ma\u00eetre RENAULT.<\/p>\n\n\n\n<p><\/p>\n\n\n\n<p>La NIHON BU-JUTSU RYU regroupe les pratiquants d&rsquo;Arts Martiaux Japonais \u00e0 mains nues et avec armes traditionnelles qui le d\u00e9sirent et qui sont accept\u00e9s par son comit\u00e9 d\u2019admission. Son activit\u00e9 d&rsquo;ordre sportif et culturel se recommande:<\/p>\n\n\n\n<ul class=\"wp-block-list\">\n<li>Du Juku Karate Jutsu tel qu\u2019il est d\u00e9fini et r\u00e9glement\u00e9 par la FFKDA.<\/li>\n\n\n\n<li>Du Karate Wadokan, tel qu\u2019il est d\u00e9fini et r\u00e9glement\u00e9 par la FFKDA.<\/li>\n\n\n\n<li>Du Karate Wado Ryu, tel qu\u2019il est d\u00e9fini et r\u00e9glement\u00e9 par la FFKDA.<\/li>\n\n\n\n<li>Du Karate Kobudo tels qu\u2019ils sont d\u00e9finis et r\u00e9glement\u00e9s par la NBJR.<\/li>\n\n\n\n<li>Du Karate Contact, tel qu\u2019il est d\u00e9fini et r\u00e9glement\u00e9 par la FFKDA.<\/li>\n\n\n\n<li>Du Nihon Den Jujutsu, tel qu\u2019il est d\u00e9fini et r\u00e9glement\u00e9s par la NBJR.<\/li>\n<\/ul>\n\n\n\n<p><\/p>\n","protected":false},"excerpt":{"rendered":"<p>NIHON BU-JUTSU RYU La NIHON BU JUTSU RYU est un syndicat d&rsquo;enseignants d\u2019arts martiaux japonais. Elle se r\u00e9clame en partie [&hellip;]<\/p>\n","protected":false},"author":1,"featured_media":0,"parent":0,"menu_order":0,"comment_status":"closed","ping_status":"closed","template":"","meta":{"_uag_custom_page_level_css":"","site-sidebar-layout":"default","site-content-layout":"","ast-site-content-layout":"default","site-content-style":"default","site-sidebar-style":"default","ast-global-header-display":"","ast-banner-title-visibility":"","ast-main-header-display":"","ast-hfb-above-header-display":"","ast-hfb-below-header-display":"","ast-hfb-mobile-header-display":"","site-post-title":"disabled","ast-breadcrumbs-content":"","ast-featured-img":"","footer-sml-layout":"","ast-disable-related-posts":"","theme-transparent-header-meta":"","adv-header-id-meta":"","stick-header-meta":"","header-above-stick-meta":"","header-main-stick-meta":"","header-below-stick-meta":"","astra-migrate-meta-layouts":"default","ast-page-background-enabled":"default","ast-page-background-meta":{"desktop":{"background-color":"var(--ast-global-color-5)","background-image":"","background-repeat":"repeat","background-position":"center center","background-size":"auto","background-attachment":"scroll","background-type":"","background-media":"","overlay-type":"","overlay-color":"","overlay-opacity":"","overlay-gradient":""},"tablet":{"background-color":"","background-image":"","background-repeat":"repeat","background-position":"center center","background-size":"auto","background-attachment":"scroll","background-type":"","background-media":"","overlay-type":"","overlay-color":"","overlay-opacity":"","overlay-gradient":""},"mobile":{"background-color":"","background-image":"","background-repeat":"repeat","background-position":"center center","background-size":"auto","background-attachment":"scroll","background-type":"","background-media":"","overlay-type":"","overlay-color":"","overlay-opacity":"","overlay-gradient":""}},"ast-content-background-meta":{"desktop":{"background-color":"var(--ast-global-color-4)","background-image":"","background-repeat":"repeat","background-position":"center center","background-size":"auto","background-attachment":"scroll","background-type":"","background-media":"","overlay-type":"","overlay-color":"","overlay-opacity":"","overlay-gradient":""},"tablet":{"background-color":"var(--ast-global-color-4)","background-image":"","background-repeat":"repeat","background-position":"center center","background-size":"auto","background-attachment":"scroll","background-type":"","background-media":"","overlay-type":"","overlay-color":"","overlay-opacity":"","overlay-gradient":""},"mobile":{"background-color":"var(--ast-global-color-4)","background-image":"","background-repeat":"repeat","background-position":"center center","background-size":"auto","background-attachment":"scroll","background-type":"","background-media":"","overlay-type":"","overlay-color":"","overlay-opacity":"","overlay-gradient":""}},"footnotes":""},"class_list":["post-70","page","type-page","status-publish","hentry"],"uagb_featured_image_src":{"full":false,"thumbnail":false,"medium":false,"medium_large":false,"large":false,"1536x1536":false,"2048x2048":false},"uagb_author_info":{"display_name":"admin","author_link":"https:\/\/www.nbjstours.fr\/?author=1"},"uagb_comment_info":0,"uagb_excerpt":"NIHON BU-JUTSU RYU La NIHON BU JUTSU RYU est un syndicat d&rsquo;enseignants d\u2019arts martiaux japonais. Elle se r\u00e9clame en partie [&hellip;]","_links":{"self":[{"href":"https:\/\/www.nbjstours.fr\/index.php?rest_route=\/wp\/v2\/pages\/70","targetHints":{"allow":["GET"]}}],"collection":[{"href":"https:\/\/www.nbjstours.fr\/index.php?rest_route=\/wp\/v2\/pages"}],"about":[{"href":"https:\/\/www.nbjstours.fr\/index.php?rest_route=\/wp\/v2\/types\/page"}],"author":[{"embeddable":true,"href":"https:\/\/www.nbjstours.fr\/index.php?rest_route=\/wp\/v2\/users\/1"}],"replies":[{"embeddable":true,"href":"https:\/\/www.nbjstours.fr\/index.php?rest_route=%2Fwp%2Fv2%2Fcomments&post=70"}],"version-history":[{"count":4,"href":"https:\/\/www.nbjstours.fr\/index.php?rest_route=\/wp\/v2\/pages\/70\/revisions"}],"predecessor-version":[{"id":76,"href":"https:\/\/www.nbjstours.fr\/index.php?rest_route=\/wp\/v2\/pages\/70\/revisions\/76"}],"wp:attachment":[{"href":"https:\/\/www.nbjstours.fr\/index.php?rest_route=%2Fwp%2Fv2%2Fmedia&parent=70"}],"curies":[{"name":"wp","href":"https:\/\/api.w.org\/{rel}","templated":true}]}}