{"id":58,"date":"2025-10-22T13:54:37","date_gmt":"2025-10-22T11:54:37","guid":{"rendered":"http:\/\/localhost:8881\/?page_id=58"},"modified":"2026-04-11T18:08:33","modified_gmt":"2026-04-11T16:08:33","slug":"membres-du-club","status":"publish","type":"page","link":"https:\/\/www.nbjstours.fr\/?page_id=58","title":{"rendered":"Membres du club"},"content":{"rendered":"\n<p><\/p>\n\n\n\n<h3 class=\"wp-block-heading has-text-align-center\">Directeur technique<\/h3>\n\n\n\n<div class=\"wp-block-media-text is-stacked-on-mobile\" style=\"grid-template-columns:23% auto\"><figure class=\"wp-block-media-text__media\"><img loading=\"lazy\" decoding=\"async\" width=\"764\" height=\"1024\" src=\"http:\/\/localhost:8881\/wp-content\/uploads\/2026\/04\/IMG_20251024_093054-764x1024.jpg\" alt=\"\" class=\"wp-image-182 size-full\" srcset=\"https:\/\/www.nbjstours.fr\/wp-content\/uploads\/2026\/04\/IMG_20251024_093054-764x1024.jpg 764w, https:\/\/www.nbjstours.fr\/wp-content\/uploads\/2026\/04\/IMG_20251024_093054-224x300.jpg 224w, https:\/\/www.nbjstours.fr\/wp-content\/uploads\/2026\/04\/IMG_20251024_093054-768x1029.jpg 768w, https:\/\/www.nbjstours.fr\/wp-content\/uploads\/2026\/04\/IMG_20251024_093054.jpg 1080w\" sizes=\"auto, (max-width: 764px) 100vw, 764px\" \/><\/figure><div class=\"wp-block-media-text__content\">\n<p><strong>Alexandre Conties<\/strong> (\u00e0 droite)<\/p>\n\n\n\n<p><strong><em>4 \u00e9me <strong><em><strong><em>Dan<\/em><\/strong><\/em><\/strong><\/em><\/strong> <strong><em>Karate Wadokan &#8211; FFKDA<\/em><\/strong><br><strong><em>3 \u00e9me <strong><em><strong><em>Dan<\/em><\/strong><\/em><\/strong><\/em><\/strong> <strong><em>en Nihon Den Ju Jutsu &#8211; NBJR<\/em><\/strong><br><strong><em>2 \u00e9me <strong><em><strong><em>Dan<\/em><\/strong><\/em><\/strong><\/em><\/strong> <strong><em>de Karate Wadoryu &#8211; FFKDA<\/em><\/strong><\/p>\n\n\n\n<p><strong><em>BPJEPS Perfectionnement sportif Karat\u00e9<\/em><\/strong><br><strong><em>DIF &#8211; FFKDA<\/em><\/strong><\/p>\n<\/div><\/div>\n\n\n\n<hr class=\"wp-block-separator has-alpha-channel-opacity is-style-wide\"\/>\n\n\n\n<h3 class=\"wp-block-heading has-text-align-center\">Enseignants<\/h3>\n\n\n\n<div class=\"wp-block-media-text has-media-on-the-right is-stacked-on-mobile\" style=\"grid-template-columns:auto 32%\"><div class=\"wp-block-media-text__content\">\n<p class=\"has-text-align-right\"><strong><strong><em>KHEDAIM Mehdi<\/em><\/strong><\/strong><\/p>\n\n\n\n<p class=\"has-text-align-right\"><strong><em>3 \u00e9me Dan Karate Wadokan &#8211; FFKDA<\/em><\/strong><br><strong><em>2 \u00e9me <strong><em>Dan en Nihon Den Ju Jutsu &#8211; NBJR<\/em><\/strong><\/em><\/strong><br><em><strong>2 \u00e9me <strong><em><strong><em>Dan<\/em><\/strong><\/em><\/strong> karat\u00e9 wadoshin &#8211; Expert Karat\u00e9 Jutsu de la F\u00e9d\u00e9ration fran\u00e7aise de Karat\u00e9<\/strong><\/em><br><strong><em>2 \u00e9me <strong><em><strong><em>Dan<\/em><\/strong><\/em><\/strong><\/em><\/strong> <strong><em>de Karate Wado ryu gensei &#8211; Expert Karat\u00e9 Jutsu de la F\u00e9d\u00e9ration fran\u00e7aise de Karat\u00e9<\/em><\/strong><\/p>\n\n\n\n<p class=\"has-text-align-right\"><strong><em>DIF &#8211; FFKDA<\/em><\/strong><\/p>\n<\/div><figure class=\"wp-block-media-text__media\"><img loading=\"lazy\" decoding=\"async\" width=\"1024\" height=\"768\" src=\"http:\/\/localhost:8881\/wp-content\/uploads\/2026\/04\/mehdi-1-1024x768.jpg\" alt=\"\" class=\"wp-image-181 size-full\" srcset=\"https:\/\/www.nbjstours.fr\/wp-content\/uploads\/2026\/04\/mehdi-1-1024x768.jpg 1024w, https:\/\/www.nbjstours.fr\/wp-content\/uploads\/2026\/04\/mehdi-1-300x225.jpg 300w, https:\/\/www.nbjstours.fr\/wp-content\/uploads\/2026\/04\/mehdi-1-768x576.jpg 768w, https:\/\/www.nbjstours.fr\/wp-content\/uploads\/2026\/04\/mehdi-1-1536x1152.jpg 1536w, https:\/\/www.nbjstours.fr\/wp-content\/uploads\/2026\/04\/mehdi-1.jpg 1600w\" sizes=\"auto, (max-width: 1024px) 100vw, 1024px\" \/><\/figure><\/div>\n\n\n\n<div class=\"wp-block-media-text is-stacked-on-mobile is-image-fill-element\" style=\"grid-template-columns:24% auto\"><figure class=\"wp-block-media-text__media\"><img loading=\"lazy\" decoding=\"async\" width=\"768\" height=\"1024\" src=\"http:\/\/localhost:8881\/wp-content\/uploads\/2026\/04\/IMG20260207120449-768x1024.jpg\" alt=\"\" class=\"wp-image-184 size-full\" style=\"object-position:50% 50%\" srcset=\"https:\/\/www.nbjstours.fr\/wp-content\/uploads\/2026\/04\/IMG20260207120449-768x1024.jpg 768w, https:\/\/www.nbjstours.fr\/wp-content\/uploads\/2026\/04\/IMG20260207120449-225x300.jpg 225w, https:\/\/www.nbjstours.fr\/wp-content\/uploads\/2026\/04\/IMG20260207120449-1152x1536.jpg 1152w, https:\/\/www.nbjstours.fr\/wp-content\/uploads\/2026\/04\/IMG20260207120449-1536x2048.jpg 1536w, https:\/\/www.nbjstours.fr\/wp-content\/uploads\/2026\/04\/IMG20260207120449-scaled.jpg 1920w\" sizes=\"auto, (max-width: 768px) 100vw, 768px\" \/><\/figure><div class=\"wp-block-media-text__content\">\n<p class=\"has-text-align-left\"><strong><em>PETIT Jerome<\/em><\/strong> (\u00e0 gauche)<\/p>\n\n\n\n<p class=\"has-text-align-left\"><strong><em>2 \u00e9me Dan Karate Wadokan &#8211; FFKDA<\/em><\/strong><br><strong><em>1 er Dan en Nihon Den Ju Jutsu &#8211; NBJR<\/em><\/strong><\/p>\n\n\n\n<p><strong><em>DIF &#8211; FFKDA<\/em><\/strong><\/p>\n<\/div><\/div>\n\n\n\n<hr class=\"wp-block-separator has-alpha-channel-opacity is-style-wide\"\/>\n\n\n\n<h3 class=\"wp-block-heading has-text-align-center\">Assistants<\/h3>\n\n\n\n<div class=\"wp-block-media-text has-media-on-the-right is-stacked-on-mobile\" style=\"grid-template-columns:auto 21%\"><div class=\"wp-block-media-text__content\">\n<p class=\"has-text-align-right\"><strong><em>DINZART Christian (\u00e0 droite)<\/em><\/strong><\/p>\n\n\n\n<p class=\"has-text-align-right\">2<strong><em>\u00e9me Dan Karate Wadokan &#8211; FFKDA<\/em><\/strong><br><strong><em>1 er dan\u00a0 en Nihon Den Ju Jutsu &#8211; NBJR<\/em><\/strong><\/p>\n\n\n\n<p class=\"has-text-align-right\"><strong><em>DIF &#8211; FFKDA<\/em><\/strong><\/p>\n<\/div><figure class=\"wp-block-media-text__media\"><img loading=\"lazy\" decoding=\"async\" width=\"768\" height=\"1024\" src=\"https:\/\/www.nbjstours.fr\/wp-content\/uploads\/2026\/04\/christian-768x1024.jpg\" alt=\"\" class=\"wp-image-291 size-full\" srcset=\"https:\/\/www.nbjstours.fr\/wp-content\/uploads\/2026\/04\/christian-768x1024.jpg 768w, https:\/\/www.nbjstours.fr\/wp-content\/uploads\/2026\/04\/christian-225x300.jpg 225w, https:\/\/www.nbjstours.fr\/wp-content\/uploads\/2026\/04\/christian-1152x1536.jpg 1152w, https:\/\/www.nbjstours.fr\/wp-content\/uploads\/2026\/04\/christian.jpg 1200w\" sizes=\"auto, (max-width: 768px) 100vw, 768px\" \/><\/figure><\/div>\n\n\n\n<p><\/p>\n","protected":false},"excerpt":{"rendered":"<p>Directeur technique Alexandre Conties (\u00e0 droite) 4 \u00e9me Dan Karate Wadokan &#8211; FFKDA3 \u00e9me Dan en Nihon Den Ju Jutsu [&hellip;]<\/p>\n","protected":false},"author":1,"featured_media":0,"parent":0,"menu_order":0,"comment_status":"closed","ping_status":"closed","template":"","meta":{"_uag_custom_page_level_css":"","site-sidebar-layout":"default","site-content-layout":"","ast-site-content-layout":"default","site-content-style":"default","site-sidebar-style":"default","ast-global-header-display":"","ast-banner-title-visibility":"","ast-main-header-display":"","ast-hfb-above-header-display":"","ast-hfb-below-header-display":"","ast-hfb-mobile-header-display":"","site-post-title":"disabled","ast-breadcrumbs-content":"","ast-featured-img":"","footer-sml-layout":"","ast-disable-related-posts":"","theme-transparent-header-meta":"","adv-header-id-meta":"","stick-header-meta":"","header-above-stick-meta":"","header-main-stick-meta":"","header-below-stick-meta":"","astra-migrate-meta-layouts":"default","ast-page-background-enabled":"default","ast-page-background-meta":{"desktop":{"background-color":"var(--ast-global-color-5)","background-image":"","background-repeat":"repeat","background-position":"center center","background-size":"auto","background-attachment":"scroll","background-type":"","background-media":"","overlay-type":"","overlay-color":"","overlay-opacity":"","overlay-gradient":""},"tablet":{"background-color":"","background-image":"","background-repeat":"repeat","background-position":"center center","background-size":"auto","background-attachment":"scroll","background-type":"","background-media":"","overlay-type":"","overlay-color":"","overlay-opacity":"","overlay-gradient":""},"mobile":{"background-color":"","background-image":"","background-repeat":"repeat","background-position":"center center","background-size":"auto","background-attachment":"scroll","background-type":"","background-media":"","overlay-type":"","overlay-color":"","overlay-opacity":"","overlay-gradient":""}},"ast-content-background-meta":{"desktop":{"background-color":"var(--ast-global-color-4)","background-image":"","background-repeat":"repeat","background-position":"center center","background-size":"auto","background-attachment":"scroll","background-type":"","background-media":"","overlay-type":"","overlay-color":"","overlay-opacity":"","overlay-gradient":""},"tablet":{"background-color":"var(--ast-global-color-4)","background-image":"","background-repeat":"repeat","background-position":"center center","background-size":"auto","background-attachment":"scroll","background-type":"","background-media":"","overlay-type":"","overlay-color":"","overlay-opacity":"","overlay-gradient":""},"mobile":{"background-color":"var(--ast-global-color-4)","background-image":"","background-repeat":"repeat","background-position":"center center","background-size":"auto","background-attachment":"scroll","background-type":"","background-media":"","overlay-type":"","overlay-color":"","overlay-opacity":"","overlay-gradient":""}},"footnotes":""},"class_list":["post-58","page","type-page","status-publish","hentry"],"uagb_featured_image_src":{"full":false,"thumbnail":false,"medium":false,"medium_large":false,"large":false,"1536x1536":false,"2048x2048":false},"uagb_author_info":{"display_name":"admin","author_link":"https:\/\/www.nbjstours.fr\/?author=1"},"uagb_comment_info":0,"uagb_excerpt":"Directeur technique Alexandre Conties (\u00e0 droite) 4 \u00e9me Dan Karate Wadokan &#8211; FFKDA3 \u00e9me Dan en Nihon Den Ju Jutsu [&hellip;]","_links":{"self":[{"href":"https:\/\/www.nbjstours.fr\/index.php?rest_route=\/wp\/v2\/pages\/58","targetHints":{"allow":["GET"]}}],"collection":[{"href":"https:\/\/www.nbjstours.fr\/index.php?rest_route=\/wp\/v2\/pages"}],"about":[{"href":"https:\/\/www.nbjstours.fr\/index.php?rest_route=\/wp\/v2\/types\/page"}],"author":[{"embeddable":true,"href":"https:\/\/www.nbjstours.fr\/index.php?rest_route=\/wp\/v2\/users\/1"}],"replies":[{"embeddable":true,"href":"https:\/\/www.nbjstours.fr\/index.php?rest_route=%2Fwp%2Fv2%2Fcomments&post=58"}],"version-history":[{"count":14,"href":"https:\/\/www.nbjstours.fr\/index.php?rest_route=\/wp\/v2\/pages\/58\/revisions"}],"predecessor-version":[{"id":310,"href":"https:\/\/www.nbjstours.fr\/index.php?rest_route=\/wp\/v2\/pages\/58\/revisions\/310"}],"wp:attachment":[{"href":"https:\/\/www.nbjstours.fr\/index.php?rest_route=%2Fwp%2Fv2%2Fmedia&parent=58"}],"curies":[{"name":"wp","href":"https:\/\/api.w.org\/{rel}","templated":true}]}}